{"id":28,"date":"2023-10-09T09:22:41","date_gmt":"2023-10-09T09:22:41","guid":{"rendered":"https:\/\/eu4ed.usm.md\/?page_id=28"},"modified":"2023-11-01T08:27:58","modified_gmt":"2023-11-01T08:27:58","slug":"despre","status":"publish","type":"page","link":"https:\/\/eu4ed.usm.md\/?page_id=28","title":{"rendered":"Despre"},"content":{"rendered":"<p><strong><b>Titlul: <\/b><\/strong>Diploma\u021bia economic\u0103 a Uniunii Europene ca instrument al ac\u021biunii de politic\u0103 extern\u0103<\/p>\n<p><strong><b>Acronim:<\/b><\/strong>\u00a0EU4ED<\/p>\n<p><strong><b>Num\u0103rul de \u00eenregistrare: <\/b><\/strong>620069-EPP-1-2020-1-MD-EPPJMO-MODULE<\/p>\n<p><strong><b>Ac\u021biunea cheie: <\/b><\/strong>Activitate Jean Monnet<\/p>\n<p><strong><b>Tipul ac\u021biunii: <\/b><\/strong>Modul academic Jean Monnet<\/p>\n<p><strong><b>Cererea de propuneri: <\/b><\/strong>EAC-A02-2019-JMO<\/p>\n<p><strong><b>Durata proiectului:<\/b><\/strong><strong><b>\u00a0<\/b><\/strong>01\/09\/2020 \u2013 31\/08\/2023<\/p>\n<p><strong><b>Beneficiar: <\/b><\/strong>Universitatea de Stat din Moldova, Facultatea Rela\u021bii interna\u021bionale, \u0218tiin\u021be Politice \u0219i Administrative<\/p>\n<p><strong>Web: <a href=\"https:\/\/international.usm.md\/?page_id=793\">www.international.usm.md<\/a><\/strong><\/p>\n<p><strong><b>Buget:<\/b><\/strong>\u00a028.800 euro<\/p>\n<table>\n<tbody>\n<tr>\n<td width=\"176\"><strong><b>Cursurile modulului EU4ED \u0219i num\u0103rul de ore:<\/b><\/strong><\/p>\n<p>&nbsp;<\/td>\n<td width=\"290\"><b><i>1)\u00a0<\/i><\/b><a href=\"https:\/\/eu4ed.usm.md\/?page_id=612\"><strong><em><b><i>Ac\u021biunea de politic\u0103 extern\u0103 a Uniunii Europene<\/i><\/b><\/em><\/strong><\/a><strong><b>\u00a0\u2013 <\/b><\/strong>60 ore contact direct<\/p>\n<p><b><i>2)\u00a0<\/i><\/b><a href=\"https:\/\/eu4ed.usm.md\/?page_id=605\"><strong><em><b><i>Diploma\u021bia economic\u0103 a Uniunii Europene<\/i><\/b><\/em><\/strong><\/a>\u00a0\u2013 60 ore contact direct<\/td>\n<\/tr>\n<tr>\n<td width=\"176\"><strong><b>Obiectivele modulului EU4ED:<\/b><\/strong><\/p>\n<p><strong><b>\u00a0<\/b><\/strong><\/td>\n<td width=\"290\">-de a forma cuno\u0219tin\u021be studen\u021bilor facult\u0103\u021bilor non-economice despre mecanismele de realizare a diploma\u021biei economice a UE, pentru a diversifica perspectivele de carier\u0103;<\/p>\n<p>-de a folosi metodele interdisciplinare \u0219i integrate \u00een stabilirea temelor diploma\u021biei economice a UE &#8211; ca o nou\u0103 direc\u021bie \u00een cunoa\u0219terea european\u0103;<\/p>\n<p>-de a studia caracteristicile ac\u021biunii de politic\u0103 extern\u0103 a UE pentru a forma cuno\u0219tin\u021be despre procesul decizional \u00een UE \u0219i a eviden\u021bia rolul UE pe arena interna\u021bional\u0103;<\/p>\n<p>-de a promova dialogul \u00eentre mediul academic \u0219i politicieni \/ grupuri profesionale \/ societatea civil\u0103 din Moldova;<\/p>\n<p>-de a disemina informa\u021bii despre UE folosind tehnologii informa\u021bionale moderne;<\/td>\n<\/tr>\n<tr>\n<td width=\"176\"><strong><b>Activit\u0103\u021bi: <\/b><\/strong><\/td>\n<td width=\"290\">de a asigura predarea a dou\u0103 cursuri \u00een cadrul modulului:<\/p>\n<p>1) Diploma\u021bie economic\u0103 a UE;<\/p>\n<p>2) Ac\u0163iunea de politic\u0103 extern\u0103 a UE.<\/p>\n<p>&#8211; de a forma cuno\u0219tin\u021be studen\u021bilor de la specialit\u0103\u021bile non-economice despre diploma\u021bia economic\u0103 a UE \u0219i ac\u021biunea de politic\u0103 extern\u0103 a UE;<\/p>\n<p>&#8211; de a organiza a \u0219ase mese rotunde pe tema diploma\u021biei economice a UE \u0219i a principalelor direc\u021bii ale ac\u021biunii de politic\u0103 extern\u0103 a UE, cu participarea studen\u021bilor, masteranzilor, doctoranzilor, institu\u021biilor de \u00eenv\u0103\u021b\u0103m\u00e2nt preuniversitar, reprezentan\u021bilor societ\u0103\u021bii civile \u0219i mass-media;<\/p>\n<p>&#8211; de a publica anual cel pu\u021bin dou\u0103 articole pe tematica cursurilor modulare;<\/p>\n<p>&#8211; de a edita dou\u0103 manuale pe cursuri modulare;<\/p>\n<p>&#8211; de a participa la activit\u0103\u021bi de diseminare a informa\u021biilor la nivel na\u021bional \u0219i european.<\/td>\n<\/tr>\n<tr>\n<td width=\"176\"><strong><b>Finalit\u0103\u021bi:<\/b><\/strong><\/p>\n<p><strong><b>\u00a0<\/b><\/strong><\/td>\n<td width=\"290\">&#8211; de a desf\u0103\u0219ura prelegeri \u0219i seminare ale cursurilor modulului Diploma\u021bia economic\u0103 a UE ca instrument al ac\u021biunii de politic\u0103 extern\u0103;<\/p>\n<p>&#8211; de a \u00eencuraja participarea profesorilor de module la activit\u0103\u021bi de diseminare a informa\u021biilor despre diploma\u021bia european\u0103.<\/td>\n<\/tr>\n<tr>\n<td width=\"176\"><strong><b>Rezultate:<\/b><\/strong><\/td>\n<td width=\"290\">&#8211;\u00a0de a disemina cuno\u0219tin\u021be despre diploma\u021bia economic\u0103 a UE \u0219i ac\u021biunea de politic\u0103 extern\u0103 a UE \u00een domeniul educa\u021biei \u0219i cercet\u0103rii;<\/p>\n<p>&#8211;\u00a0de a elabora curriculum-urile cursurilor universitare Diploma\u021bia economic\u0103 a UE \u0219i Ac\u021biunea de politic\u0103 extern\u0103 a UE;<\/p>\n<p>&#8211;\u00a0de a promova inova\u021bii educa\u021bionale \u0219i a \u00eembun\u0103t\u0103\u021bi calitatea pred\u0103rii cursurilor despre Uniunea European\u0103;<\/p>\n<p>&#8211;\u00a0de a asigura vizibilitate sporit\u0103 resurselor \u0219tiin\u021bifice \u0219i rezultatelor cercet\u0103rii privind integrarea european\u0103;<\/p>\n<p>&#8211;\u00a0de a stabili \u0219i men\u021bine cooperarea dintre mediul academic, institu\u021biile administra\u021biei publice centrale \u0219i societatea civil\u0103 din Republica Moldova<\/td>\n<\/tr>\n<tr>\n<td width=\"176\"><strong><b>Produse:<\/b><\/strong><\/td>\n<td width=\"290\">&#8211;\u00a06 articole publicate;<\/p>\n<p>&#8211;\u00a02 suporturi de curs<\/td>\n<\/tr>\n<tr>\n<td width=\"176\"><strong><b>Impactul estimat<\/b><\/strong><\/td>\n<td width=\"290\">&#8211;\u00a0cre\u0219terea num\u0103rului de cursuri consacrate studiilor Uniunii Europene;<\/p>\n<p>&#8211;\u00a0-m\u0103rirea num\u0103rului de studen\u021bi, masteranzi, doctoranzi, care vor poseda cuno\u0219tin\u021be despre UE;<\/p>\n<p>&#8211;\u00a0-formarea cadrelor profesionale, care vor participa la dezvoltarea \u0219i consolidarea rela\u021biilor dintre UE \u0219i Republica Moldova.<\/td>\n<\/tr>\n<\/tbody>\n<\/table>\n<p>&nbsp;<\/p>\n<div class=\"df-element df-lite\"  data-slug=\"prezentare\" data-_slug=\"prezentare\" data-title=\"prezentare\" id=\"df_415\" data-option=\"df_option_415\" ><\/div><script class=\"df-shortcode-script\" type=\"application\/javascript\">window.df_option_415 = {\"source\":\"https:\\\/\\\/eu4ed.usm.md\\\/wp-content\\\/uploads\\\/2023\\\/10\\\/Prezentare_proiect_EU4ED_BeniucL-1.pdf\",\"viewerType\":\"flipbook\",\"is3D\":true,\"slug\":\"prezentare\",\"id\":415}; if(window.DEARPDF && window.DEARPDF.parseElements){window.DEARPDF.parseElements();}<\/script>\n","protected":false},"excerpt":{"rendered":"<p>Titlul: Diploma\u021bia economic\u0103 a Uniunii Europene ca instrument al ac\u021biunii de politic\u0103 extern\u0103 Acronim:\u00a0EU4ED Num\u0103rul de \u00eenregistrare: 620069-EPP-1-2020-1-MD-EPPJMO-MODULE Ac\u021biunea cheie: Activitate Jean Monnet Tipul ac\u021biunii: Modul academic Jean Monnet Cererea de propuneri: EAC-A02-2019-JMO Durata proiectului:\u00a001\/09\/2020 \u2013 31\/08\/2023 Beneficiar: Universitatea de Stat din Moldova, Facultatea Rela\u021bii interna\u021bionale, \u0218tiin\u021be Politice \u0219i Administrative Web: www.international.usm.md Buget:\u00a028.800 euro Cursurile&hellip; <br \/> <a class=\"read-more\" href=\"https:\/\/eu4ed.usm.md\/?page_id=28\">Cite\u0219te mai mult<\/a><\/p>\n","protected":false},"author":1,"featured_media":0,"parent":0,"menu_order":0,"comment_status":"closed","ping_status":"closed","template":"","meta":{"footnotes":""},"class_list":["post-28","page","type-page","status-publish","hentry"],"rttpg_featured_image_url":null,"rttpg_author":{"display_name":"","author_link":"https:\/\/eu4ed.usm.md\/?author=1"},"rttpg_comment":0,"rttpg_category":null,"rttpg_excerpt":"Titlul: Diploma\u021bia economic\u0103 a Uniunii Europene ca instrument al ac\u021biunii de politic\u0103 extern\u0103 Acronim:\u00a0EU4ED Num\u0103rul de \u00eenregistrare: 620069-EPP-1-2020-1-MD-EPPJMO-MODULE Ac\u021biunea cheie: Activitate Jean Monnet Tipul ac\u021biunii: Modul academic Jean Monnet Cererea de propuneri: EAC-A02-2019-JMO Durata proiectului:\u00a001\/09\/2020 \u2013 31\/08\/2023 Beneficiar: Universitatea de Stat din Moldova, Facultatea Rela\u021bii interna\u021bionale, \u0218tiin\u021be Politice \u0219i Administrative Web: www.international.usm.md Buget:\u00a028.800 euro Cursurile&hellip;&hellip;","_links":{"self":[{"href":"https:\/\/eu4ed.usm.md\/index.php?rest_route=\/wp\/v2\/pages\/28","targetHints":{"allow":["GET"]}}],"collection":[{"href":"https:\/\/eu4ed.usm.md\/index.php?rest_route=\/wp\/v2\/pages"}],"about":[{"href":"https:\/\/eu4ed.usm.md\/index.php?rest_route=\/wp\/v2\/types\/page"}],"author":[{"embeddable":true,"href":"https:\/\/eu4ed.usm.md\/index.php?rest_route=\/wp\/v2\/users\/1"}],"replies":[{"embeddable":true,"href":"https:\/\/eu4ed.usm.md\/index.php?rest_route=%2Fwp%2Fv2%2Fcomments&post=28"}],"version-history":[{"count":6,"href":"https:\/\/eu4ed.usm.md\/index.php?rest_route=\/wp\/v2\/pages\/28\/revisions"}],"predecessor-version":[{"id":665,"href":"https:\/\/eu4ed.usm.md\/index.php?rest_route=\/wp\/v2\/pages\/28\/revisions\/665"}],"wp:attachment":[{"href":"https:\/\/eu4ed.usm.md\/index.php?rest_route=%2Fwp%2Fv2%2Fmedia&parent=28"}],"curies":[{"name":"wp","href":"https:\/\/api.w.org\/{rel}","templated":true}]}}