{"id":420,"date":"2023-10-09T09:38:38","date_gmt":"2023-10-09T09:38:38","guid":{"rendered":"https:\/\/eu4ed.usm.md\/?page_id=420"},"modified":"2023-10-09T09:40:48","modified_gmt":"2023-10-09T09:40:48","slug":"profesori","status":"publish","type":"page","link":"https:\/\/eu4ed.usm.md\/?page_id=420","title":{"rendered":"Profesori"},"content":{"rendered":"<table>\n<tbody>\n<tr>\n<td width=\"212\"><img fetchpriority=\"high\" decoding=\"async\" class=\"alignnone size-medium wp-image-421\" src=\"https:\/\/eu4ed.usm.md\/wp-content\/uploads\/2023\/10\/Picture1-300x300.png\" alt=\"\" width=\"300\" height=\"300\" \/><\/td>\n<td width=\"290\"><strong>Liliana BENIUC<\/strong>, coordonator al proiectului Jean Monnet Modulul Academic EU4ED (620069), doctor \u00een \u0219tiin\u021be politice, conferen\u021biar universitar.<\/p>\n<p>2022-prezent \u2013 este lector al cursului de Integrare European\u0103 la facult\u0103\u021bile non-profil a USM.<\/p>\n<p>Martie 2022 \u2013 a participat \u00een programul de mobilitate academic\u0103 Erasmus+ la Universitatea Economic\u0103 din Bratislava (Slovacia).<\/p>\n<p>2021-2022 &#8211; responsabil\u0103 de implementarea proiectului &#8222;Mobilitate pentru studen\u021bi \u0219i personal &#8211; Mobilitatea studen\u021bilor \u0219i personalului \u00een \u00eenv\u0103\u021b\u0103m\u00e2ntul superior&#8221;, pentru mobilitatea academic\u0103 \u00eentre Universitatea de Studii Europene din Moldova \u0219i Universitatea de Economie din Bratislava (Slovacia).<\/p>\n<p>2020-2022 &#8211; decan al Facult\u0103\u021bii de \u0218tiin\u021be Politice \u0219i Rela\u021bii Interna\u021bionale, Universitatea de Studii Europene din Moldova.<\/p>\n<p>\u00cen anul 2019, Liliana Beniuc \u0219i-a sus\u021binut teza de doctorat \u00een \u0219tiin\u021be politice cu tema \u201eAc\u021biunea de politic\u0103 extern\u0103 a Uniunii Europene: dimensiunea institu\u021bional\u0103 \u0219i mecanismul de realizare\u201d (conduc\u0103tor \u0219tiin\u021bific, Victor JUC, doctor habilitat \u00een \u0219tiin\u021be politice, profesor universitar).<\/p>\n<p>A participat la implementarea urm\u0103toarelor proiecte Jean Monnet:<\/p>\n<p><strong>2014-2017<\/strong>\u00a0&#8211; 542439-LLP-1-2013-1-MD-AJM-ICS \u2013 \u201eLearning EU in Close-Up\u201d;<\/p>\n<p><strong>2015-2018<\/strong>\u00a0&#8211; 564589 \u2013 EPP-1-2015-1-MD-EPPJMO-MODULE \u2013 \u201eEU Institutional Law and the Philosophy of European Integration\u201d;<\/p>\n<p><strong>2017-2020<\/strong>\u00a0&#8211; 586976-EPP-1-2017-1-MD-EPPJMO-MODULE \u2013 \u201eMigration as a security challenge in European Union\u201d<\/p>\n<p>Autor \u0219i co-autor a 45 de lucr\u0103ri \u0219tiin\u021bifice. Cele mai relevante sunt urm\u0103toarele:<\/p>\n<p>\u00b7\u00a0Juc Victor, Beniuc Liliana. <em>Ac\u021biunea de politic\u0103 extern\u0103 a Uniunii Europene<\/em>. Chi\u0219in\u0103u: S.n., 2019, 300 p., ISBN 978-9975-146-95-1. &#8211; 22 c.a.<\/p>\n<p>\u00b7\u00a0Beniuc Liliana. <em>Dreptul rela\u0163iilor interna\u0163ionale al Uniunii Europene prin prisma prevederilor Tratatului de la Lisabona<\/em>. Chi\u015fin\u0103u: IRIM, 2015. 131 p. ISBN 978-9975-56-249-2. &#8211; 8,5 c.a.<\/p>\n<p>\u00b7\u00a0Beniuc Valentin, Beniuc Liliana. <em>Republica Moldova \u00een contextul politicii de securitate \u0219i ap\u0103rare comun\u0103<\/em>. \u00cen: Mandatul de securitate: probleme actuale de interpretare, legisla\u021bie \u0219i practic\u0103. Conferin\u021b\u0103 \u0219tiin\u021bifico-practic\u0103 na\u021bional\u0103, 8 septembrie 2020, Institutul Na\u021bional de Informa\u021bii \u0219i Securitate \u201dBogdan, \u00centemeietorul Moldovei\u201d, Chi\u0219in\u0103u: Print-Caro, 2020, p. 272-281 (377 p.). (0,52 c.a.). ISBN 978-9975-56-783-1. <a href=\"https:\/\/sis.md\/sites\/default\/files\/comunicate\/fisiere\/Materialele%20conferintei%202020_1.pdf\">https:\/\/sis.md\/sites\/default\/files\/comunicate\/fisiere\/Materialele%20conferintei%202020_1.pdf<\/a><\/p>\n<p>\u00b7\u00a0BENIUC, Liliana. <em>Dimensiunea institu\u021bional\u0103 \u0219i mecanismul de realizare a ac\u021biunii de politic\u0103 extern a Uniunii Europene: studiu istoriografic<\/em>. In: Revista de Filosofie, Sociologie \u015fi \u015etiin\u0163e Politice, 2018, nr. 2(177), pp. 31-47. ISSN 1957-2294. Categoria B. <a href=\"https:\/\/ibn.idsi.md\/ro\/vizualizare_articol\/68680\">https:\/\/ibn.idsi.md\/ro\/vizualizare_articol\/68680<\/a><\/p>\n<p>\u00b7\u00a0BENIUC, Valentin, BENIUC, Liliana. Evolu\u021bia competen\u021belor institu\u021biilor Uniunii Europene \u00een domeniul politicii externe. In: Rela\u0163ii interna\u0163ionale. Plus. 2019. nr. 1(15). pp. 9-38. ISSN 1857-4440. Categoria B. <a href=\"https:\/\/ibn.idsi.md\/ro\/vizualizare_articol\/84750\">https:\/\/ibn.idsi.md\/ro\/vizualizare_articol\/84750<\/a><\/td>\n<\/tr>\n<tr>\n<td width=\"212\"><img decoding=\"async\" class=\"alignnone size-medium wp-image-422\" src=\"https:\/\/eu4ed.usm.md\/wp-content\/uploads\/2023\/10\/Picture2-200x300.png\" alt=\"\" width=\"200\" height=\"300\" \/><\/td>\n<td width=\"290\"><strong>Iuri CROTENCO<\/strong>, membru al echipei proiectului Jean Monnet Modulul Academic EU4ED (620069), doctor habilitat \u00een \u0219tiin\u021be economice, profesor universitar. Are o experien\u021b\u0103 de peste 30 de ani \u00een activitatea \u0219tiin\u021bific\u0103 \u0219i pedagogic\u0103. A lucrat ca director de departament, decan, vice-rector \u0219i rector al universit\u0103\u021bii. \u00cen prezent Iuri Crotenco pred\u0103 discipline economice, inclusiv economia mondial\u0103 \u0219i rela\u021biile economice interna\u021bionale, specificul \u0219i formele integr\u0103rii economice interna\u021bionale, inclusiv experien\u021ba activit\u0103\u021bilor de integrare a UE.<\/p>\n<p>Iu. Crotenco are o vast\u0103 experien\u021b\u0103 \u00een coordonarea tezelor de licen\u021b\u0103 \u0219i de master, precum \u0219i \u00een studiile diserta\u021bionale ale doctoranzilor, inclusiv ale celor specializa\u021bi \u00een economie mondial\u0103 \u0219i rela\u021bii economice interna\u021bionale.<\/p>\n<p>Iu. Crotenco este autorul a peste 200 de publica\u021bii \u0219tiin\u021bifice \u0219i didactice, inclusiv monografii \u0219i manuale. Cele mai relevante sunt urm\u0103toarele:<\/p>\n<p>\u00b7\u00a0\u041a\u0420\u041e\u0422\u0415\u041d\u041a\u041e, \u042e\u0440\u0438\u0439.<em>\u00a0\u0413\u043b\u043e\u0431\u0430\u043b\u044c\u043d\u0430\u044f \u0438\u043d\u0444\u043e\u0440\u043c\u0430\u0442\u0438\u0437\u0430\u0446\u0438\u044f \u044d\u043a\u043e\u043d\u043e\u043c\u0438\u043a\u0438 \u0438 \u0435\u0435 \u0441\u043e\u0446\u0438\u0430\u043b\u044c\u043d\u043e-\u044d\u043a\u043e\u043d\u043e\u043c\u0438\u0447\u0435\u0441\u043a\u0438\u0435 \u043f\u043e\u0441\u043b\u0435\u0434\u0441\u0442\u0432\u0438\u044f. <\/em>In: Strategia dezvolt\u0103rii economice durabile \u015fi particularit\u0103\u0163ile ei la etapa actual\u0103 a evolu\u0163iei civiliza\u0163iei mondiale, 24 noiembrie 2017, Chi\u015fin\u0103u. Chi\u015fin\u0103u: Tipografia Asocia\u0163iei lucr\u0103torilor institu\u0163iilor de \u00eenv\u0103\u0163\u0103m\u00eent slavone, 2017, VIII, pp. 22-27. ISBN 978-9975-117-41-8. <a href=\"https:\/\/ibn.idsi.md\/ro\/vizualizare_articol\/95833\">https:\/\/ibn.idsi.md\/ro\/vizualizare_articol\/95833<\/a><\/p>\n<p>\u00b7\u00a0\u041a\u0420\u041e\u0422\u0415\u041d\u041a\u041e, \u042e\u0440\u0438\u0439.<em>\u00a0\u041d\u0435\u043a\u043e\u0442\u043e\u0440\u044b\u0435 \u043f\u0440\u043e\u0431\u043b\u0435\u043c\u044b \u043c\u0435\u0442\u043e\u0434\u043e\u043b\u043e\u0433\u0438\u0438 \u0440\u0430\u0441\u0447\u0451\u0442\u0430 \u043f\u043e\u043a\u0430\u0437\u0430\u0442\u0435\u043b\u0435\u0439 \u0440\u0430\u0437\u0432\u0438\u0442\u0438\u044f \u043c\u0438\u0440\u043e\u0432\u043e\u0439 \u044d\u043a\u043e\u043d\u043e\u043c\u0438\u043a\u0438. <\/em>In: Rela\u0163ii interna\u0163ionale. Plus, 2015, nr. 1, pp. 71-84. ISSN 1857-4440. <a href=\"https:\/\/ibn.idsi.md\/ro\/vizualizare_articol\/46313\">https:\/\/ibn.idsi.md\/ro\/vizualizare_articol\/46313<\/a><\/p>\n<p>\u00b7\u00a0\u041a\u0420\u041e\u0422\u0415\u041d\u041a\u041e, \u042e\u0440\u0438\u0439, \u0422\u041e\u041b\u041c\u0410\u0427\u0415\u0412\u0410, \u0418\u0440\u0438\u043d\u0430. <em>\u0420\u0435\u0433\u0438\u043e\u043d\u0430\u043b\u044c\u043d\u044b\u0435 \u0438\u043d\u0442\u0435\u0433\u0440\u0430\u0446\u0438\u043e\u043d\u043d\u044b\u0435 \u0444\u043e\u0440\u043c\u044b \u0432 \u0441\u043e\u0432\u0440\u0435\u043c\u0435\u043d\u043d\u043e\u0439 \u043c\u0438\u0440\u043e\u0432\u043e\u0439 \u044d\u043a\u043e\u043d\u043e\u043c\u0438\u043a\u0435<\/em>. In: Analele Universit\u0103\u0163ii Libere Interna\u0163ionale din Moldova (Seria Economie), 2012, nr. 12, pp. 139-148. ISSN 1857-1468. <a href=\"https:\/\/ibn.idsi.md\/ro\/vizualizare_articol\/47921\">https:\/\/ibn.idsi.md\/ro\/vizualizare_articol\/47921<\/a><\/p>\n<p>\u00b7\u00a0CROTENCO, Iurie.<em>\u00a0\u041f\u0435\u0440\u0441\u043f\u0435\u043a\u0442\u0438\u0432\u044b \u044d\u043a\u043e\u043d\u043e\u043c\u0438\u0447\u0435\u0441\u043a\u043e\u0433\u043e \u0440\u0430\u0437\u0432\u0438\u0442\u0438\u044f \u0415\u0421-27 \u0434\u043e 2025 \u0433\u043e\u0434\u0430 \u043a\u0430\u043a \u043e\u0434\u043d\u0430 \u0438\u0437 \u043f\u0440\u0435\u0434\u043f\u043e\u0441\u044b\u043b\u043e\u043a \u0440\u043e\u0441\u0442\u0430 \u044d\u043a\u043e\u043d\u043e\u043c\u0438\u043a\u0438 \u041c\u043e\u043b\u0434\u043e\u0432\u044b. <\/em>In: Statalitatea Moldovei: continuitatea istoric\u0103 \u015fi perspectiva dezvolt\u0103rii, 24-25 martie 2017, Chi\u0219in\u0103u. Chi\u0219in\u0103u, Republica Moldova: &#8222;Print-Caro&#8221; SRL, 2017, pp. 710-729. ISBN 978-9975-56-439-7. <a href=\"https:\/\/ibn.idsi.md\/ro\/vizualizare_articol\/58866\">https:\/\/ibn.idsi.md\/ro\/vizualizare_articol\/58866<\/a><\/td>\n<\/tr>\n<\/tbody>\n<\/table>\n","protected":false},"excerpt":{"rendered":"<p>Liliana BENIUC, coordonator al proiectului Jean Monnet Modulul Academic EU4ED (620069), doctor \u00een \u0219tiin\u021be politice, conferen\u021biar universitar. 2022-prezent \u2013 este lector al cursului de Integrare European\u0103 la facult\u0103\u021bile non-profil a USM. Martie 2022 \u2013 a participat \u00een programul de mobilitate academic\u0103 Erasmus+ la Universitatea Economic\u0103 din Bratislava (Slovacia). 2021-2022 &#8211; responsabil\u0103 de implementarea proiectului &#8222;Mobilitate&hellip; <br \/> <a class=\"read-more\" href=\"https:\/\/eu4ed.usm.md\/?page_id=420\">Cite\u0219te mai mult<\/a><\/p>\n","protected":false},"author":1,"featured_media":0,"parent":0,"menu_order":0,"comment_status":"closed","ping_status":"closed","template":"","meta":{"footnotes":""},"class_list":["post-420","page","type-page","status-publish","hentry"],"rttpg_featured_image_url":null,"rttpg_author":{"display_name":"","author_link":"https:\/\/eu4ed.usm.md\/?author=1"},"rttpg_comment":0,"rttpg_category":null,"rttpg_excerpt":"Liliana BENIUC, coordonator al proiectului Jean Monnet Modulul Academic EU4ED (620069), doctor \u00een \u0219tiin\u021be politice, conferen\u021biar universitar. 2022-prezent \u2013 este lector al cursului de Integrare European\u0103 la facult\u0103\u021bile non-profil a USM. Martie 2022 \u2013 a participat \u00een programul de mobilitate academic\u0103 Erasmus+ la Universitatea Economic\u0103 din Bratislava (Slovacia). 2021-2022 &#8211; responsabil\u0103 de implementarea proiectului &#8222;Mobilitate&hellip;&hellip;","_links":{"self":[{"href":"https:\/\/eu4ed.usm.md\/index.php?rest_route=\/wp\/v2\/pages\/420","targetHints":{"allow":["GET"]}}],"collection":[{"href":"https:\/\/eu4ed.usm.md\/index.php?rest_route=\/wp\/v2\/pages"}],"about":[{"href":"https:\/\/eu4ed.usm.md\/index.php?rest_route=\/wp\/v2\/types\/page"}],"author":[{"embeddable":true,"href":"https:\/\/eu4ed.usm.md\/index.php?rest_route=\/wp\/v2\/users\/1"}],"replies":[{"embeddable":true,"href":"https:\/\/eu4ed.usm.md\/index.php?rest_route=%2Fwp%2Fv2%2Fcomments&post=420"}],"version-history":[{"count":4,"href":"https:\/\/eu4ed.usm.md\/index.php?rest_route=\/wp\/v2\/pages\/420\/revisions"}],"predecessor-version":[{"id":426,"href":"https:\/\/eu4ed.usm.md\/index.php?rest_route=\/wp\/v2\/pages\/420\/revisions\/426"}],"wp:attachment":[{"href":"https:\/\/eu4ed.usm.md\/index.php?rest_route=%2Fwp%2Fv2%2Fmedia&parent=420"}],"curies":[{"name":"wp","href":"https:\/\/api.w.org\/{rel}","templated":true}]}}