{"id":428,"date":"2023-10-09T09:43:11","date_gmt":"2023-10-09T09:43:11","guid":{"rendered":"https:\/\/eu4ed.usm.md\/?page_id=428"},"modified":"2023-10-09T09:43:11","modified_gmt":"2023-10-09T09:43:11","slug":"publicatii-stiintifice","status":"publish","type":"page","link":"https:\/\/eu4ed.usm.md\/?page_id=428","title":{"rendered":"Publica\u021bii \u0219tiin\u021bifice"},"content":{"rendered":"<ol>\n<li>BENIUC, Valentin, BENIUC, Liliana. <em>Procesul de integrare european\u0103 se bazeaz\u0103 pe o politic\u0103 de securitate comun\u0103 Uniunii Europene<\/em>. \u00cen: Studii na\u021bionale de securitate. 2020. nr. 1(1). pp. 169-183. ISSN 2587-3822. DOI: 10.5281\/zenodo.3989426 <a href=\"https:\/\/ibn.idsi.md\/ro\/vizualizare_articol\/127167\"><u>https:\/\/ibn.idsi.md\/ro\/vizualizare_articol\/127167<\/u><\/a><\/li>\n<li>BENIUC, Liliana, BEN HAMOO, Miriam. <em>The immigration models from social \u2013 political perspective<\/em>. In: Studii na\u021bionale de securitate, 2020, nr. 2(2), pp. 95-101. ISSN 2587-3822. DOI: 10.5281\/zenodo.4468681 <a href=\"https:\/\/ibn.idsi.md\/ro\/vizualizare_articol\/136599\"><u>https:\/\/ibn.idsi.md\/ro\/vizualizare_articol\/136599<\/u><\/a><\/li>\n<li>BENIUC, Liliana. <em>Rolul Uniunii Europene \u00een asigurarea p\u0103cii \u0219i securit\u0103\u021bii interna\u021bionale<\/em>. In: Dezvoltarea Armatei Na\u0163ionale \u00een contextul aprofund\u0103rii reformelor democratice, 25 februarie 2021, Chi\u015fin\u0103u. Chi\u015fin\u0103u: Tipogr. \u201eNotograf Prim\u201d. 2021. Edi\u021bia 6. pp. 26-30. ISBN 978-9975-3346-8-6. <a href=\"https:\/\/ibn.idsi.md\/ro\/vizualizare_articol\/145841\"><u>https:\/\/ibn.idsi.md\/ro\/vizualizare_articol\/145841<\/u><\/a><\/li>\n<li>BENIUC, Liliana, MOSCVICIOV, Leonid. <em>\u201eTrio asociat\u201d ca form\u0103 de cooperare \u0219i dialog consolidat \u00een cadrul Parteneriatului Estic<\/em>. In: Promotion of Social and Economic Values in the Context of European Integration: 4th International Conference, Ed. 4, 3-4 decembrie 2021, Chi\u015fin\u0103u. Chi\u0219in\u0103u, Republica Moldova: 2021, Edi\u021bia 4, Vol.1, pp. 284-287. ISBN 978-9975-3527-1-0. <a href=\"https:\/\/ibn.idsi.md\/ro\/vizualizare_articol\/155231\"><u>https:\/\/ibn.idsi.md\/ro\/vizualizare_articol\/155231<\/u><\/a><\/li>\n<li>BENIUC, Liliana. <em>Impactul r\u0103zboiului din Ucraina asupra politicii externe a Uniunii Europene<\/em>. In: Integrare prin cercetare \u0219i inovare.: \u015etiin\u0163e umanistice. \u015etiin\u0163e sociale, 10-11 noiembrie 2022, Chi\u0219in\u0103u. Chisinau, Republica Moldova: Centrul Editorial-Poligrafic al USM, 2022, SU, SS, pp. 227-229. ISBN 978-9975-62-470-1. <a href=\"https:\/\/ibn.idsi.md\/ro\/vizualizare_articol\/174205\"><u>https:\/\/ibn.idsi.md\/ro\/vizualizare_articol\/174205<\/u><\/a><\/li>\n<li>BENIUC, Liliana. <em>Angajamentele Uniunii Europene \u00een domeniul drepturilor omului la nivel mondial<\/em>. In: Economic and legal aspects of digitalization in the context of globalization, Ed. 2, 4-5 martie 2022, Chi\u015fin\u0103u. Chi\u015fin\u0103u: University of European Studies of Moldova, 2022, Edi\u021bia 2, Vol. 1, pp. 213-219. <a href=\"https:\/\/ibn.idsi.md\/ro\/vizualizare_articol\/171929\"><u>https:\/\/ibn.idsi.md\/ro\/vizualizare_articol\/171929<\/u><\/a><\/li>\n<li>BENIUC, Liliana. <em>Ac\u021biunile externe ale Uniunii Europene de prevenire a unor forme de discriminare<\/em>. In: Analele \u015etiin\u0163ifice ale Universit\u0103\u0163ii de Studii Europene din Moldova, 2023, pp. 77-81. ISSN 2435-1114. <a href=\"https:\/\/ibn.idsi.md\/ro\/vizualizare_articol\/184036\"><u>https:\/\/ibn.idsi.md\/ro\/vizualizare_articol\/184036<\/u><\/a><\/li>\n<li>, CROTENCO, Iurie, MASRI, Bushra. <em>The neo \u2013 realistic approach in modern economic immigration policy.<\/em>In: Rela\u0163ii interna\u0163ionale. Plus, 2020, nr. 1(17), pp. 215-219. ISSN 1857-4440. <a href=\"https:\/\/ibn.idsi.md\/ro\/vizualizare_articol\/104085\"><u>https:\/\/ibn.idsi.md\/ro\/vizualizare_articol\/104085<\/u><\/a><\/li>\n<li>CROTENCO, Iurie, MASRI, Bushra. <em>\u041f\u043e\u0434\u0445\u043e\u0434, \u043e\u0441\u043d\u043e\u0432\u0430\u043d\u043d\u044b\u0439 \u043d\u0430 \u0442\u0435\u043e\u0440\u0438\u0438 \u043d\u0435\u043e\u0440\u0435\u0430\u043b\u0438\u0437\u043c\u0430 \u0432 \u0441\u043e\u0432\u0440\u0435\u043c\u0435\u043d\u043d\u043e\u0439 \u044d\u043a\u043e\u043d\u043e\u043c\u0438\u0447\u0435\u0441\u043a\u043e\u0439 \u043c\u0438\u0433\u0440\u0430\u0446\u0438\u043e\u043d\u043d\u043e\u0439 \u043f\u043e\u043b\u0438\u0442\u0438\u043a\u0435.<\/em>In: Rela\u0163ii interna\u0163ionale. Plus, 2020, nr. 1(17), pp. 91-96. ISSN 1857-4440. <a href=\"https:\/\/ibn.idsi.md\/ro\/vizualizare_articol\/104067\"><u>https:\/\/ibn.idsi.md\/ro\/vizualizare_articol\/104067<\/u><\/a><\/li>\n<li>\u041a\u0420\u041e\u0422\u0415\u041d\u041a\u041e, \u042e\u0440\u0438\u0439, \u0420\u0410\u0419\u041b\u042f\u041d, \u0418\u043d\u0430. <em>\u042d\u043a\u043e\u043d\u043e\u043c\u0438\u0447\u0435\u0441\u043a\u0430\u044f \u0434\u0438\u043f\u043b\u043e\u043c\u0430\u0442\u0438\u044f \u0438 \u0435\u0435 \u0442\u0440\u0430\u043d\u0441\u0444\u043e\u0440\u043c\u0430\u0446\u0438\u044f (\u0441\u043e\u0432\u0440\u0435\u043c\u0435\u043d\u043d\u044b\u0439 \u0435\u0432\u0440\u043e\u043f\u0435\u0439\u0441\u043a\u0438\u0439 \u0432\u0437\u0433\u043b\u044f\u0434)<\/em>. In: Rela\u0163ii interna\u0163ionale. Plus, 2022, nr. 2(22), pp. 24-29. ISSN 1857-4440. DOI: 10.52327\/1857-4440.2022.2(22).02 <a href=\"https:\/\/ibn.idsi.md\/ro\/vizualizare_articol\/185872\"><u>https:\/\/ibn.idsi.md\/ro\/vizualizare_articol\/185872<\/u><\/a><\/li>\n<li>\u041a\u0420\u041e\u0422\u0415\u041d\u041a\u041e, \u042e\u0440\u0438\u0439. <em>T\u0435\u043e\u0440\u0435\u0442\u0438\u0447\u0435\u0441\u043a\u0438\u0435 \u0430\u0441\u043f\u0435\u043a\u0442\u044b \u0441\u043e\u0432\u0440\u0435\u043c\u0435\u043d\u043d\u043e\u0439 \u044d\u043a\u043e\u043d\u043e\u043c\u0438\u0447\u0435\u0441\u043a\u043e\u0439 \u0434\u0438\u043f\u043b\u043e\u043c\u0430\u0442\u0438\u0438.<\/em>In: EcoSoEn, 2023, nr. 1, pp. 5-12. ISSN 2587-344X. DOI: 10.54481\/ecosoen.2023.1.01 <a href=\"https:\/\/ibn.idsi.md\/ro\/vizualizare_articol\/174647\"><u>https:\/\/ibn.idsi.md\/ro\/vizualizare_articol\/174647<\/u><\/a><\/li>\n<\/ol>\n<p>&nbsp;<\/p>\n","protected":false},"excerpt":{"rendered":"<p>BENIUC, Valentin, BENIUC, Liliana. Procesul de integrare european\u0103 se bazeaz\u0103 pe o politic\u0103 de securitate comun\u0103 Uniunii Europene. \u00cen: Studii na\u021bionale de securitate. 2020. nr. 1(1). pp. 169-183. ISSN 2587-3822. DOI: 10.5281\/zenodo.3989426 https:\/\/ibn.idsi.md\/ro\/vizualizare_articol\/127167 BENIUC, Liliana, BEN HAMOO, Miriam. The immigration models from social \u2013 political perspective. In: Studii na\u021bionale de securitate, 2020, nr. 2(2), pp.&hellip; <br \/> <a class=\"read-more\" href=\"https:\/\/eu4ed.usm.md\/?page_id=428\">Cite\u0219te mai mult<\/a><\/p>\n","protected":false},"author":1,"featured_media":0,"parent":0,"menu_order":0,"comment_status":"closed","ping_status":"closed","template":"","meta":{"footnotes":""},"class_list":["post-428","page","type-page","status-publish","hentry"],"rttpg_featured_image_url":null,"rttpg_author":{"display_name":"","author_link":"https:\/\/eu4ed.usm.md\/?author=1"},"rttpg_comment":0,"rttpg_category":null,"rttpg_excerpt":"BENIUC, Valentin, BENIUC, Liliana. Procesul de integrare european\u0103 se bazeaz\u0103 pe o politic\u0103 de securitate comun\u0103 Uniunii Europene. \u00cen: Studii na\u021bionale de securitate. 2020. nr. 1(1). pp. 169-183. ISSN 2587-3822. DOI: 10.5281\/zenodo.3989426 https:\/\/ibn.idsi.md\/ro\/vizualizare_articol\/127167 BENIUC, Liliana, BEN HAMOO, Miriam. The immigration models from social \u2013 political perspective. In: Studii na\u021bionale de securitate, 2020, nr. 2(2), pp.&hellip;&hellip;","_links":{"self":[{"href":"https:\/\/eu4ed.usm.md\/index.php?rest_route=\/wp\/v2\/pages\/428","targetHints":{"allow":["GET"]}}],"collection":[{"href":"https:\/\/eu4ed.usm.md\/index.php?rest_route=\/wp\/v2\/pages"}],"about":[{"href":"https:\/\/eu4ed.usm.md\/index.php?rest_route=\/wp\/v2\/types\/page"}],"author":[{"embeddable":true,"href":"https:\/\/eu4ed.usm.md\/index.php?rest_route=\/wp\/v2\/users\/1"}],"replies":[{"embeddable":true,"href":"https:\/\/eu4ed.usm.md\/index.php?rest_route=%2Fwp%2Fv2%2Fcomments&post=428"}],"version-history":[{"count":1,"href":"https:\/\/eu4ed.usm.md\/index.php?rest_route=\/wp\/v2\/pages\/428\/revisions"}],"predecessor-version":[{"id":429,"href":"https:\/\/eu4ed.usm.md\/index.php?rest_route=\/wp\/v2\/pages\/428\/revisions\/429"}],"wp:attachment":[{"href":"https:\/\/eu4ed.usm.md\/index.php?rest_route=%2Fwp%2Fv2%2Fmedia&parent=428"}],"curies":[{"name":"wp","href":"https:\/\/api.w.org\/{rel}","templated":true}]}}